{"id":11,"date":"2022-07-23T09:10:21","date_gmt":"2022-07-23T07:10:21","guid":{"rendered":"https:\/\/digital-dialogues.com\/?page_id=11"},"modified":"2022-07-29T09:51:46","modified_gmt":"2022-07-29T07:51:46","slug":"inicio","status":"publish","type":"page","link":"https:\/\/digital-dialogues.com\/ca\/","title":{"rendered":"Benvinguts!"},"content":{"rendered":"<p>Benvinguts a la nostra web! A Digital Dialogues oferim consultoria sobre educaci\u00f3 digital que posa en primer pla els processos educatius de la vostra organitzaci\u00f3, utilitzant nom\u00e9s la tecnologia adequada, d'una manera eficient. <\/p>\n\n\n\n<p>We believe that education is a local phenomenon, deeply depending on the social and cultural elements where it takes place. This is why in Digital Dialogues we dive into your reality, so we can design the best strategy for your case: be it defining your school&#8217;s virtual learning ecosystem, designing an in-house training environment for your company or helping you improve your digital content creation processes.<\/p>\n\n\n\n<p>Com us podem ajudar?<\/p>","protected":false},"excerpt":{"rendered":"<p>Benvinguts a la nostra web! A Digital Dialogues oferim consultoria sobre educaci\u00f3 digital que posa en primer pla els processos educatius de la vostra organitzaci\u00f3, utilitzant nom\u00e9s la tecnologia adequada, d'una manera eficient.<\/p>","protected":false},"author":1,"featured_media":155,"parent":0,"menu_order":1,"comment_status":"closed","ping_status":"closed","template":"","meta":{"content-type":"","footnotes":""},"class_list":["post-11","page","type-page","status-publish","has-post-thumbnail","hentry","grid-sizer"],"_links":{"self":[{"href":"https:\/\/digital-dialogues.com\/ca\/wp-json\/wp\/v2\/pages\/11","targetHints":{"allow":["GET"]}}],"collection":[{"href":"https:\/\/digital-dialogues.com\/ca\/wp-json\/wp\/v2\/pages"}],"about":[{"href":"https:\/\/digital-dialogues.com\/ca\/wp-json\/wp\/v2\/types\/page"}],"author":[{"embeddable":true,"href":"https:\/\/digital-dialogues.com\/ca\/wp-json\/wp\/v2\/users\/1"}],"replies":[{"embeddable":true,"href":"https:\/\/digital-dialogues.com\/ca\/wp-json\/wp\/v2\/comments?post=11"}],"version-history":[{"count":13,"href":"https:\/\/digital-dialogues.com\/ca\/wp-json\/wp\/v2\/pages\/11\/revisions"}],"predecessor-version":[{"id":211,"href":"https:\/\/digital-dialogues.com\/ca\/wp-json\/wp\/v2\/pages\/11\/revisions\/211"}],"wp:featuredmedia":[{"embeddable":true,"href":"https:\/\/digital-dialogues.com\/ca\/wp-json\/wp\/v2\/media\/155"}],"wp:attachment":[{"href":"https:\/\/digital-dialogues.com\/ca\/wp-json\/wp\/v2\/media?parent=11"}],"curies":[{"name":"wp","href":"https:\/\/api.w.org\/{rel}","templated":true}]}}