{"id":2,"date":"2022-07-22T13:40:32","date_gmt":"2022-07-22T13:40:32","guid":{"rendered":"https:\/\/digital-dialogues.com\/?page_id=2"},"modified":"2023-07-21T06:32:44","modified_gmt":"2023-07-21T04:32:44","slug":"services","status":"publish","type":"page","link":"https:\/\/digital-dialogues.com\/ca\/services\/","title":{"rendered":"Els Nostres Serveis"},"content":{"rendered":"<p>M\u00e9s de 20 anys d'experi\u00e8ncia treballant en el mercat de continguts educatius, a Espanya i a nivell internacional, amb organitzacions privades i p\u00fabliques, desenvolupant projectes locals i gran a escala, ens permeten oferir consultoria digital en \u00e0rees com: \u2013 Estrat\u00e8gia digital per escoles de prim\u00e0ria i secund\u00e0ria\/ \u2013 Estrat\u00e8gia d'e-learning corporativa\/ \u2013 Millora en la definici\u00f3 de processos de creaci\u00f3 de continguts\/ \u2013 Implementacions de Moodle\/.<\/p>\n\n\n\n<ul class=\"wp-block-list\">\n<li>&#8211; K12 School Digital Strategy\/<\/li>\n\n\n\n<li>&#8211; Corporate e-learning strategy\/<\/li>\n\n\n\n<li>&#8211; Content production processes improvement\/<\/li>\n\n\n\n<li>- Personalitzaci\u00f3 de Moodle\/<\/li>\n\n\n\n<li>&#8211; Introducing you to our vast national and international partner network\/<\/li>\n<\/ul>\n\n\n\n<h2 class=\"wp-block-heading\">K12 Digital Strategy<\/h2>\n\n\n\n<p>- Estrat\u00e8gia digital per a centres educatius de prim\u00e0ria i secund\u00e0ria\/<br>- Serveis de localitzaci\u00f3 de continguts i activitats digitals\/<br>- Personalitzaci\u00f3 de Moodle\/<br>&#8211; Empathy Week\/<\/p>\n\n\n\n<h2 class=\"wp-block-heading\">Corporate E-learning Strategy<\/h2>\n\n\n\n<p>- Estrat\u00e8gia de formaci\u00f3 digital corporativa i institucional\/<br>- Personalitzaci\u00f3 de Moodle\/<br>- Serveis de localitzaci\u00f3 de continguts i activitats digitals\/<\/p>\n\n\n\n<h2 class=\"wp-block-heading\">Editorials<\/h2>\n\n\n\n<p>&#8211; Digital and paper publishing centralised production processes based on exclusive Semantic Cross Publishing technology\/<\/p>\n\n\n\n<p> &#8211; Introducing you to our vast national and international partner network\/<br><\/p>","protected":false},"excerpt":{"rendered":"<p>More than 20 years of experience working in the educational content market, in Spain and at international level, with private and public organisations, developing local and high scale projects, allows us to offer you our consultancy in areas such as: K12 Digital Strategy &#8211; Primary and Secondary School Digital Strategy\/&#8211; Course and activities design and &hellip; <\/p>","protected":false},"author":1,"featured_media":181,"parent":0,"menu_order":2,"comment_status":"closed","ping_status":"open","template":"","meta":{"content-type":"","footnotes":""},"class_list":["post-2","page","type-page","status-publish","has-post-thumbnail","hentry","grid-sizer"],"_links":{"self":[{"href":"https:\/\/digital-dialogues.com\/ca\/wp-json\/wp\/v2\/pages\/2","targetHints":{"allow":["GET"]}}],"collection":[{"href":"https:\/\/digital-dialogues.com\/ca\/wp-json\/wp\/v2\/pages"}],"about":[{"href":"https:\/\/digital-dialogues.com\/ca\/wp-json\/wp\/v2\/types\/page"}],"author":[{"embeddable":true,"href":"https:\/\/digital-dialogues.com\/ca\/wp-json\/wp\/v2\/users\/1"}],"replies":[{"embeddable":true,"href":"https:\/\/digital-dialogues.com\/ca\/wp-json\/wp\/v2\/comments?post=2"}],"version-history":[{"count":22,"href":"https:\/\/digital-dialogues.com\/ca\/wp-json\/wp\/v2\/pages\/2\/revisions"}],"predecessor-version":[{"id":342,"href":"https:\/\/digital-dialogues.com\/ca\/wp-json\/wp\/v2\/pages\/2\/revisions\/342"}],"wp:featuredmedia":[{"embeddable":true,"href":"https:\/\/digital-dialogues.com\/ca\/wp-json\/wp\/v2\/media\/181"}],"wp:attachment":[{"href":"https:\/\/digital-dialogues.com\/ca\/wp-json\/wp\/v2\/media?parent=2"}],"curies":[{"name":"wp","href":"https:\/\/api.w.org\/{rel}","templated":true}]}}